{"id":832,"date":"2023-12-05T22:33:52","date_gmt":"2023-12-05T21:33:52","guid":{"rendered":"https:\/\/robson-carpenters.pl\/?page_id=832"},"modified":"2023-12-08T23:02:33","modified_gmt":"2023-12-08T22:02:33","slug":"oferta","status":"publish","type":"page","link":"https:\/\/robson-carpenters.pl\/?page_id=832","title":{"rendered":"<span style=\"color: #a67f3c;\">Oferta<\/span>"},"content":{"rendered":"\n\n\n<div class=\"wp-block-media-text has-media-on-the-right is-stacked-on-mobile is-style-inset-frame has-text-color has-link-color wp-elements-316200234968e20958294ec4eeff26a6\" style=\"color:#a67f3c;grid-template-columns:auto 40%\"><div class=\"wp-block-media-text__content\">\n<div class=\"wp-block-group alignwide\"><div class=\"wp-block-group__inner-container is-layout-constrained wp-block-group-is-layout-constrained\">\n<p class=\"has-text-align-center has-text-color has-link-color wp-elements-1410bc17c33c2076563b7b1ea563c408\" style=\"color:#a67f3c;font-size:20px\">MEBLE KUCHENNE<\/p>\n\n\n\n<p class=\"has-text-align-center has-text-color has-link-color wp-elements-1edec2d664b2bebd452e726f2c439dc6\" style=\"color:#a67f3c;font-size:20px\">Kuchnia to miejsce, w kt\u00f3rym sp\u0119dzamy wiele godzin. Dlatego tak wa\u017cne jest aby by\u0142a ona jak najlepiej dostosowana do potrzeb i preferencji os\u00f3b z niej korzystaj\u0105cych. Dzi\u0119ki temu korzystanie z kuchni dostarcza proste i przyjemne.<\/p>\n\n\n\n<p class=\"has-text-align-center has-text-color has-link-color wp-elements-fe12e1b3ce73b56323bd7ad6b7cb58e8\" style=\"color:#a67f3c;font-size:20px\">Znaczna cz\u0119\u015b\u0107 naszych realizacji to w\u0142a\u015bnie meble kuchenne na wymiar dlatego sta\u0142y si\u0119 one nasz\u0105 specjalno\u015bci\u0105. Nasza firma projektuje oraz realizuje kuchnie w ka\u017cdym stylu z wykorzystaniem niemal\u017ce wszystkich dost\u0119pnych na rynku materia\u0142\u00f3w najwy\u017cszej jako\u015bci.<\/p>\n<\/div><\/div>\n<\/div><figure class=\"wp-block-media-text__media\"><img loading=\"lazy\" decoding=\"async\" width=\"768\" height=\"1024\" src=\"https:\/\/robson-carpenters.pl\/wp-content\/uploads\/2023\/12\/1C-1-768x1024.jpeg\" alt=\"\" class=\"wp-image-900 size-full\" srcset=\"https:\/\/robson-carpenters.pl\/wp-content\/uploads\/2023\/12\/1C-1-768x1024.jpeg 768w, https:\/\/robson-carpenters.pl\/wp-content\/uploads\/2023\/12\/1C-1-225x300.jpeg 225w, https:\/\/robson-carpenters.pl\/wp-content\/uploads\/2023\/12\/1C-1-1152x1536.jpeg 1152w, https:\/\/robson-carpenters.pl\/wp-content\/uploads\/2023\/12\/1C-1-1536x2048.jpeg 1536w\" sizes=\"auto, (max-width: 768px) 100vw, 768px\" \/><\/figure><\/div>\n\n\n<p>&nbsp;<\/p>\n<p>&nbsp;<\/p>\n\n\n<div class=\"wp-block-media-text has-media-on-the-right is-stacked-on-mobile is-style-inset-frame\" style=\"grid-template-columns:auto 40%\"><div class=\"wp-block-media-text__content\">\n<p class=\"has-text-align-center has-text-color has-link-color wp-elements-5d41ea7de85b50993939aba8c08013de\" style=\"color:#a67f3c;font-size:20px\">SZAFY <\/p>\n\n\n\n<p class=\"has-text-align-center has-text-color has-link-color wp-elements-7bf1fe6ce6ede3ee7c50159d30984937\" style=\"color:#a67f3c;font-size:20px\">Szafa jest meblem typowo praktycznym, poniewa\u017c jej zadaniem jest ukrycie w sobie ubra\u0144 oraz przedmiot\u00f3w, kt\u00f3rych u\u017cywa si\u0119 na co dzie\u0144 lub raz na jaki\u015b czas. Szaf\u0119 mo\u017cna zaprojektowa\u0107 w taki spos\u00f3b aby wstawi\u0107 j\u0105 do sypialni, garderoby czy przedpokoju a jej praktyczno\u015b\u0107 by\u0142a jak najwi\u0119ksza. <\/p>\n\n\n\n<p class=\"has-text-align-center has-text-color has-link-color wp-elements-d20d7245e3d5d1f043b83dd847f8073f\" style=\"color:#a67f3c;font-size:20px\">Nasze realizacje zawsze odpowiadaj\u0105 na indywidulane potrzeby i preferencje klient\u00f3w, aby u\u017cytkowanie szafy by\u0142o \u0142atwe i dostarcza\u0142o pozytywnych emocji.<\/p>\n<\/div><figure class=\"wp-block-media-text__media\"><img loading=\"lazy\" decoding=\"async\" width=\"768\" height=\"1024\" src=\"https:\/\/robson-carpenters.pl\/wp-content\/uploads\/2023\/12\/IMG_0801-768x1024.jpeg\" alt=\"\" class=\"wp-image-893 size-full\" srcset=\"https:\/\/robson-carpenters.pl\/wp-content\/uploads\/2023\/12\/IMG_0801-768x1024.jpeg 768w, https:\/\/robson-carpenters.pl\/wp-content\/uploads\/2023\/12\/IMG_0801-225x300.jpeg 225w, https:\/\/robson-carpenters.pl\/wp-content\/uploads\/2023\/12\/IMG_0801-1152x1536.jpeg 1152w, https:\/\/robson-carpenters.pl\/wp-content\/uploads\/2023\/12\/IMG_0801-1536x2048.jpeg 1536w\" sizes=\"auto, (max-width: 768px) 100vw, 768px\" \/><\/figure><\/div>\n\n\n\n<p><\/p>\n\n\n\n<div class=\"wp-block-media-text has-media-on-the-right is-stacked-on-mobile is-style-inset-frame\" style=\"grid-template-columns:auto 40%\"><div class=\"wp-block-media-text__content\">\n<p class=\"has-text-align-center has-text-color has-link-color wp-elements-626d872ceda2d68dd9cd60d902206ab8\" style=\"color:#a67f3c;font-size:20px\">MEBLE WOLNOSTOJ\u0104CE<\/p>\n\n\n\n<p class=\"has-text-align-center has-text-color has-link-color wp-elements-5957f69ae40f0a63edfd1c546fac4dab\" style=\"color:#a67f3c;font-size:20px\">Meble wolnostoj\u0105ce, nazywane tak\u017ce dekoracyjnymi, na sta\u0142e zago\u015bci\u0142y w naszych domach aby cieszy\u0107 oko swoim wygl\u0105dem. Cz\u0119sto meble te stawiamy w miejscu dobrze widocznym jak np. salon czy przedpok\u00f3j. <\/p>\n\n\n\n<p class=\"has-text-align-center has-text-color has-link-color wp-elements-2b58ed3f410a33b7d9f586dade30d6de\" style=\"color:#a67f3c;font-size:20px\">Do takiego rodzaju mebli zaliczamy wszelkiego rodzaju komody, konsole czy stoliki. Meble te pe\u0142ni\u0105 tak\u017ce w pewnym stopniu rol\u0119 funkcjonaln\u0105 poniewa\u017c mo\u017cemy przechowywa\u0107 w nich r\u00f3\u017cnego rodzaju przedmioty czy wypi\u0107 przy nich pyszn\u0105 kaw\u0119.<\/p>\n<\/div><figure class=\"wp-block-media-text__media\"><img loading=\"lazy\" decoding=\"async\" width=\"821\" height=\"1024\" src=\"https:\/\/robson-carpenters.pl\/wp-content\/uploads\/2023\/12\/15bb42e4-709e-4cbd-8b8c-49a01d6b3b5f-821x1024.jpeg\" alt=\"\" class=\"wp-image-894 size-full\" srcset=\"https:\/\/robson-carpenters.pl\/wp-content\/uploads\/2023\/12\/15bb42e4-709e-4cbd-8b8c-49a01d6b3b5f-821x1024.jpeg 821w, https:\/\/robson-carpenters.pl\/wp-content\/uploads\/2023\/12\/15bb42e4-709e-4cbd-8b8c-49a01d6b3b5f-241x300.jpeg 241w, https:\/\/robson-carpenters.pl\/wp-content\/uploads\/2023\/12\/15bb42e4-709e-4cbd-8b8c-49a01d6b3b5f-768x957.jpeg 768w, https:\/\/robson-carpenters.pl\/wp-content\/uploads\/2023\/12\/15bb42e4-709e-4cbd-8b8c-49a01d6b3b5f-1232x1536.jpeg 1232w, https:\/\/robson-carpenters.pl\/wp-content\/uploads\/2023\/12\/15bb42e4-709e-4cbd-8b8c-49a01d6b3b5f.jpeg 1440w\" sizes=\"auto, (max-width: 821px) 100vw, 821px\" \/><\/figure><\/div>\n\n\n\n<p><\/p>\n\n\n\n<div class=\"wp-block-media-text has-media-on-the-right is-stacked-on-mobile is-style-inset-frame\" style=\"grid-template-columns:auto 40%\"><div class=\"wp-block-media-text__content\">\n<p class=\"has-text-align-center has-text-color has-link-color wp-elements-0cada2db885660a81e049a07da5cf3c0\" style=\"color:#a67f3c;font-size:20px\">SCHODY <\/p>\n\n\n\n<p class=\"has-text-align-center has-text-color has-link-color wp-elements-cf1f98d6669509a18249c508df9825a4\" style=\"color:#a67f3c;font-size:20px\">Schody to nie tylko funkcjonalny element ka\u017cdego domu, ale tak\u017ce niezwykle istotny element wyko\u0144czenia wn\u0119trza nadaj\u0105cy mu odpowiedni charakter. <\/p>\n\n\n\n<p class=\"has-text-align-center has-text-color has-link-color wp-elements-afa0d39380ae7e85aedf7760e29d207e\" style=\"color:#a67f3c;font-size:20px\">Dobrze wykonane schody pe\u0142ni\u0105 wiele istotnych funkcji takich jak odpowiednio wysokie bezpiecze\u0144stwo, du\u017ca odporno\u015b\u0107 na zu\u017cycie oraz stylowy wygl\u0105d. Spe\u0142nienie tych wszystkich warunk\u00f3w gwarantuje uzyskanie schod\u00f3w, kt\u00f3re pos\u0142u\u017c\u0105 przez d\u0142ugie lata.<\/p>\n<\/div><figure class=\"wp-block-media-text__media\"><img loading=\"lazy\" decoding=\"async\" width=\"768\" height=\"1024\" src=\"https:\/\/robson-carpenters.pl\/wp-content\/uploads\/2023\/12\/IMG_0643-768x1024.jpeg\" alt=\"\" class=\"wp-image-895 size-full\" srcset=\"https:\/\/robson-carpenters.pl\/wp-content\/uploads\/2023\/12\/IMG_0643-768x1024.jpeg 768w, https:\/\/robson-carpenters.pl\/wp-content\/uploads\/2023\/12\/IMG_0643-225x300.jpeg 225w, https:\/\/robson-carpenters.pl\/wp-content\/uploads\/2023\/12\/IMG_0643-1152x1536.jpeg 1152w, https:\/\/robson-carpenters.pl\/wp-content\/uploads\/2023\/12\/IMG_0643-1536x2048.jpeg 1536w\" sizes=\"auto, (max-width: 768px) 100vw, 768px\" \/><\/figure><\/div>\n\n\n\n<p><\/p>\n\n\n\n<div class=\"wp-block-media-text has-media-on-the-right is-stacked-on-mobile is-style-inset-frame\" style=\"grid-template-columns:auto 40%\"><div class=\"wp-block-media-text__content\">\n<p class=\"has-text-align-center has-text-color has-link-color wp-elements-ee545403c0d4d769e33ae4f373edc7ed\" style=\"color:#a67f3c;font-size:20px\">ZABUDOWY <\/p>\n\n\n\n<p class=\"has-text-align-center has-text-color has-link-color wp-elements-3c12dc0a479729a5e097d747abf9c8a9\" style=\"color:#a67f3c;font-size:20px\">W wielu domach czy mieszkaniach znajduj\u0105 si\u0119 nietypowe przestrzenie, kt\u00f3re warto zabudowa\u0107. Dzi\u0119ki temu zyskuje si\u0119 dodatkow\u0105 przestrze\u0144, kt\u00f3r\u0105 mo\u017cna zagospodarowa\u0107 zgodnie z indywidualnymi preferencjami. <\/p>\n\n\n\n<p class=\"has-text-align-center has-text-color has-link-color wp-elements-cefac785904102b78f186e7f10defbab\" style=\"color:#a67f3c;font-size:20px\">W takiej zabudowie mo\u017ce kry\u0107 si\u0119 biurko, spi\u017carka, szuflady lub wiele innych rozwi\u0105za\u0144, kt\u00f3re jeste\u015bmy w stanie sobie wyobrazi\u0107 i wykona\u0107. <\/p>\n<\/div><figure class=\"wp-block-media-text__media\"><img loading=\"lazy\" decoding=\"async\" width=\"1024\" height=\"944\" src=\"https:\/\/robson-carpenters.pl\/wp-content\/uploads\/2023\/12\/a2e813df-60b0-4aea-8d1d-beacea483d74-1024x944.jpg\" alt=\"\" class=\"wp-image-901 size-full\" srcset=\"https:\/\/robson-carpenters.pl\/wp-content\/uploads\/2023\/12\/a2e813df-60b0-4aea-8d1d-beacea483d74-1024x944.jpg 1024w, https:\/\/robson-carpenters.pl\/wp-content\/uploads\/2023\/12\/a2e813df-60b0-4aea-8d1d-beacea483d74-300x276.jpg 300w, https:\/\/robson-carpenters.pl\/wp-content\/uploads\/2023\/12\/a2e813df-60b0-4aea-8d1d-beacea483d74-768x708.jpg 768w, https:\/\/robson-carpenters.pl\/wp-content\/uploads\/2023\/12\/a2e813df-60b0-4aea-8d1d-beacea483d74-1536x1415.jpg 1536w, https:\/\/robson-carpenters.pl\/wp-content\/uploads\/2023\/12\/a2e813df-60b0-4aea-8d1d-beacea483d74-2048x1887.jpg 2048w\" sizes=\"auto, (max-width: 1024px) 100vw, 1024px\" \/><\/figure><\/div>\n\n\n\n<p><\/p>\n\n\n\n<div class=\"wp-block-media-text has-media-on-the-right is-stacked-on-mobile is-style-inset-frame\" style=\"grid-template-columns:auto 40%\"><div class=\"wp-block-media-text__content\">\n<p class=\"has-text-align-center has-text-color has-link-color wp-elements-5b9d2050698faaf9302477d09c807475\" style=\"color:#a67f3c;font-size:20px\">LAMELE<\/p>\n\n\n\n<p class=\"has-text-align-center has-text-color has-link-color wp-elements-b0383ca3d309da063045e08efebc0e58\" style=\"color:#a67f3c;font-size:20px\">Bardzo popularnym w ostatnim czasie sposobem dekorowania \u015bcian sta\u0142y si\u0119 w\u0142a\u015bnie lamele. Jest to bardzo prosty spos\u00f3b aby nada\u0107 ciekawy charakter wn\u0119trzu, w kt\u00f3rym si\u0119 znajduj\u0105. Lamele opr\u00f3cz funkcji dekoracyjnej mog\u0105 dodatkowo pe\u0142ni\u0107 rol\u0119 \u015bcianki oddzielaj\u0105cej od siebie wybrane cz\u0119\u015bci pomieszczenia. <\/p>\n\n\n\n<p class=\"has-text-align-center has-text-color has-link-color wp-elements-3f00655b882c6ca56704b90825a98aaa\" style=\"color:#a67f3c;font-size:20px\">Lamele mo\u017cna wykona\u0107 z p\u0142yty meblowej, MDF lub naturalnego drewna, a dzi\u0119ki swojej uniwersalno\u015bci sprawdz\u0105 si\u0119 w ka\u017cdym pomieszczeniu.<\/p>\n<\/div><figure class=\"wp-block-media-text__media\"><img loading=\"lazy\" decoding=\"async\" width=\"768\" height=\"1024\" src=\"https:\/\/robson-carpenters.pl\/wp-content\/uploads\/2023\/12\/b673ad56-4402-465d-a2f5-96d05448e4b9-768x1024.jpeg\" alt=\"\" class=\"wp-image-903 size-full\" srcset=\"https:\/\/robson-carpenters.pl\/wp-content\/uploads\/2023\/12\/b673ad56-4402-465d-a2f5-96d05448e4b9-768x1024.jpeg 768w, https:\/\/robson-carpenters.pl\/wp-content\/uploads\/2023\/12\/b673ad56-4402-465d-a2f5-96d05448e4b9-225x300.jpeg 225w, https:\/\/robson-carpenters.pl\/wp-content\/uploads\/2023\/12\/b673ad56-4402-465d-a2f5-96d05448e4b9-1152x1536.jpeg 1152w, https:\/\/robson-carpenters.pl\/wp-content\/uploads\/2023\/12\/b673ad56-4402-465d-a2f5-96d05448e4b9.jpeg 1200w\" sizes=\"auto, (max-width: 768px) 100vw, 768px\" \/><\/figure><\/div>\n","protected":false},"excerpt":{"rendered":"<p>&nbsp; &nbsp; SZAFY Szafa jest meblem typowo praktycznym, poniewa\u017c jej zadaniem jest ukrycie w sobie ubra\u0144 oraz przedmiot\u00f3w, kt\u00f3rych u\u017cywa&hellip;<\/p>\n","protected":false},"author":1,"featured_media":0,"parent":0,"menu_order":0,"comment_status":"closed","ping_status":"closed","template":"template-no-title.php","meta":{"ngg_post_thumbnail":0,"footnotes":""},"class_list":["post-832","page","type-page","status-publish","hentry"],"_links":{"self":[{"href":"https:\/\/robson-carpenters.pl\/index.php?rest_route=\/wp\/v2\/pages\/832","targetHints":{"allow":["GET"]}}],"collection":[{"href":"https:\/\/robson-carpenters.pl\/index.php?rest_route=\/wp\/v2\/pages"}],"about":[{"href":"https:\/\/robson-carpenters.pl\/index.php?rest_route=\/wp\/v2\/types\/page"}],"author":[{"embeddable":true,"href":"https:\/\/robson-carpenters.pl\/index.php?rest_route=\/wp\/v2\/users\/1"}],"replies":[{"embeddable":true,"href":"https:\/\/robson-carpenters.pl\/index.php?rest_route=%2Fwp%2Fv2%2Fcomments&post=832"}],"version-history":[{"count":16,"href":"https:\/\/robson-carpenters.pl\/index.php?rest_route=\/wp\/v2\/pages\/832\/revisions"}],"predecessor-version":[{"id":906,"href":"https:\/\/robson-carpenters.pl\/index.php?rest_route=\/wp\/v2\/pages\/832\/revisions\/906"}],"wp:attachment":[{"href":"https:\/\/robson-carpenters.pl\/index.php?rest_route=%2Fwp%2Fv2%2Fmedia&parent=832"}],"curies":[{"name":"wp","href":"https:\/\/api.w.org\/{rel}","templated":true}]}}