{"id":494,"date":"2020-07-23T12:00:07","date_gmt":"2020-07-23T12:00:07","guid":{"rendered":"https:\/\/demo.wpstartersites.com\/agency\/?page_id=6"},"modified":"2023-12-08T23:55:07","modified_gmt":"2023-12-08T22:55:07","slug":"home","status":"publish","type":"page","link":"https:\/\/robson-carpenters.pl\/","title":{"rendered":"Home"},"content":{"rendered":"\n<div style=\"height:61px\" aria-hidden=\"true\" class=\"wp-block-spacer\"><\/div>\n\n\n\n<div class=\"wp-block-columns is-layout-flex wp-container-core-columns-is-layout-28f84493 wp-block-columns-is-layout-flex\">\n<div class=\"wp-block-column is-layout-flow wp-block-column-is-layout-flow\" style=\"flex-basis:100%\">\n<div class=\"wp-block-media-text is-stacked-on-mobile is-image-fill is-style-inset-frame\" style=\"grid-template-columns:35% auto\"><figure class=\"wp-block-media-text__media\" style=\"background-image:url(https:\/\/robson-carpenters.pl\/wp-content\/uploads\/2023\/12\/1H-2-768x1024.jpeg);background-position:0% 26%\"><img loading=\"lazy\" decoding=\"async\" width=\"768\" height=\"1024\" src=\"https:\/\/robson-carpenters.pl\/wp-content\/uploads\/2023\/12\/1H-2-768x1024.jpeg\" alt=\"\" class=\"wp-image-940 size-full\" srcset=\"https:\/\/robson-carpenters.pl\/wp-content\/uploads\/2023\/12\/1H-2-768x1024.jpeg 768w, https:\/\/robson-carpenters.pl\/wp-content\/uploads\/2023\/12\/1H-2-225x300.jpeg 225w, https:\/\/robson-carpenters.pl\/wp-content\/uploads\/2023\/12\/1H-2-1152x1536.jpeg 1152w, https:\/\/robson-carpenters.pl\/wp-content\/uploads\/2023\/12\/1H-2-1536x2048.jpeg 1536w\" sizes=\"auto, (max-width: 768px) 100vw, 768px\" \/><\/figure><div class=\"wp-block-media-text__content\">\n<p class=\"has-text-align-center has-text-color has-link-color wp-elements-b16a0a54eafd7cfb8170f916db66cbc0\" style=\"color:#a67f3c;font-size:18px\">Nasza firma swoje pocz\u0105tki mia\u0142a w\u00a02008 roku w Anglii, a od 2016 dzia\u0142a na terenie Polski. Od tego czasu nieprzerwanie oferuje us\u0142ugi z zakresu stolarki budowalnej dbaj\u0105c o\u00a0najdrobniejszy szczeg\u00f3\u0142. G\u0142\u00f3wna siedziba firmy znajduje si\u0119 w\u00a0Lublinie, cho\u0107 us\u0142ugi prowadzimy na terenie ca\u0142ego kraju oraz za granic\u0105. \u00a0 <br><br><strong>Rob&amp;Son Carpenters<\/strong> zajmuje si\u0119 projektowaniem, wizualizacj\u0105, produkcj\u0105 oraz monta\u017cem takich produkt\u00f3w jak: <strong>meble na wymiar, meble wolnostoj\u0105ce, szafy, zabudowy, schody<\/strong> <strong>oraz lamele<\/strong>.<\/p>\n<\/div><\/div>\n<\/div>\n<\/div>\n\n\n\n<p><\/p>\n\n\n\n<p><\/p>\n\n\n\n<h2 class=\"wp-block-heading has-text-align-center\"><span style=\"color: #a67f3c;\">Dlaczego my?<\/span><\/h2>\n\n\n\n<div style=\"height:30px\" aria-hidden=\"true\" class=\"wp-block-spacer\"><\/div>\n\n\n\n<p><\/p>\n\n\n\n<div class=\"wp-block-columns is-layout-flex wp-container-core-columns-is-layout-28f84493 wp-block-columns-is-layout-flex\">\n<div class=\"wp-block-column is-layout-flow wp-block-column-is-layout-flow\">\n<p class=\"has-text-align-center has-text-color has-link-color wp-elements-fa472fe9c7a8659aceb6465f23e83834\" style=\"color:#a67f3c;font-size:20px\">KOMPLEKSOWA OBS\u0141UGA<\/p>\n\n\n\n<p class=\"has-text-align-center has-text-color has-link-color wp-elements-3365d29b14a0b63e70ac3aff3e6c6c1c\" style=\"color:#a67f3c\">Nasza firma zapewnia profesjonaln\u0105 obs\u0142ug\u0119 ju\u017c od pierwszego spotkania. Pomagamy klientom wybra\u0107 odpowiednie materia\u0142y oraz zaproponowa\u0107 najbardziej optymalne rozwi\u0105zania, aby nasz produkt m\u00f3g\u0142 s\u0142u\u017cy\u0107 d\u0142ugie lata zachowuj\u0105c przy tym nienagann\u0105 jako\u015b\u0107.<\/p>\n<\/div>\n\n\n\n<div class=\"wp-block-column is-layout-flow wp-block-column-is-layout-flow\">\n<p class=\"has-text-align-center has-text-color has-link-color wp-elements-8d45a394fc6cbd105e4c68fcffd52808\" style=\"color:#a67f3c;font-size:20px\">MATERIA\u0141Y<\/p>\n\n\n\n<p class=\"has-text-align-center\"><span style=\"color: #a67f3c;\">Podczas pracy pos\u0142ugujemy si\u0119 najwy\u017cszej jako\u015bci sprz\u0119tem wiod\u0105cych marek elektronarz\u0119dzi (m. in. Festool, Makita, Bosch<br>czy Fein) oraz wysokiej klasy materia\u0142ami takich firm jak np. Egger, Blum, Hettich, Hafele. <\/span><\/p>\n<\/div>\n\n\n\n<div class=\"wp-block-column is-layout-flow wp-block-column-is-layout-flow\">\n<p class=\"has-text-align-center has-text-color has-link-color wp-elements-f2c913bf25c50bb251a8d5dfafe96630\" style=\"color:#a67f3c;font-size:20px\">PROJEKTY<\/p>\n\n\n\n<p class=\"has-text-align-center has-text-color has-link-color wp-elements-ac7fad6a40464692b56223375f534d16\" style=\"color:#a67f3c\">Oferujemy pe\u0142ne doradztwo, w zakresie wykonania mebli oraz tworzymy projekty aby ka\u017cdy klient m\u00f3g\u0142 z \u0142atwo\u015bci\u0105 wyobrazi\u0107 sobie jak b\u0119dzie wygl\u0105da\u0142a przestrze\u0144 ju\u017c z meblami. Do tworzenia wizualizacji u\u017cywamy w pe\u0142ni legalnego programu PRO100.<\/p>\n<\/div>\n<\/div>\n\n\n\n<div style=\"height:100px\" aria-hidden=\"true\" class=\"wp-block-spacer\"><\/div>\n","protected":false},"excerpt":{"rendered":"<p>Nasza firma swoje pocz\u0105tki mia\u0142a w\u00a02008 roku w Anglii, a od 2016 dzia\u0142a na terenie Polski. Od tego czasu nieprzerwanie&hellip;<\/p>\n","protected":false},"author":1,"featured_media":0,"parent":0,"menu_order":0,"comment_status":"closed","ping_status":"closed","template":"template-transparent-header.php","meta":{"ngg_post_thumbnail":0,"footnotes":""},"class_list":["post-494","page","type-page","status-publish","hentry"],"_links":{"self":[{"href":"https:\/\/robson-carpenters.pl\/index.php?rest_route=\/wp\/v2\/pages\/494","targetHints":{"allow":["GET"]}}],"collection":[{"href":"https:\/\/robson-carpenters.pl\/index.php?rest_route=\/wp\/v2\/pages"}],"about":[{"href":"https:\/\/robson-carpenters.pl\/index.php?rest_route=\/wp\/v2\/types\/page"}],"author":[{"embeddable":true,"href":"https:\/\/robson-carpenters.pl\/index.php?rest_route=\/wp\/v2\/users\/1"}],"replies":[{"embeddable":true,"href":"https:\/\/robson-carpenters.pl\/index.php?rest_route=%2Fwp%2Fv2%2Fcomments&post=494"}],"version-history":[{"count":21,"href":"https:\/\/robson-carpenters.pl\/index.php?rest_route=\/wp\/v2\/pages\/494\/revisions"}],"predecessor-version":[{"id":943,"href":"https:\/\/robson-carpenters.pl\/index.php?rest_route=\/wp\/v2\/pages\/494\/revisions\/943"}],"wp:attachment":[{"href":"https:\/\/robson-carpenters.pl\/index.php?rest_route=%2Fwp%2Fv2%2Fmedia&parent=494"}],"curies":[{"name":"wp","href":"https:\/\/api.w.org\/{rel}","templated":true}]}}